{"id":1091,"date":"2025-06-25T12:16:48","date_gmt":"2025-06-25T10:16:48","guid":{"rendered":"https:\/\/www.bordetceramiche.it\/outlet\/"},"modified":"2025-06-25T16:03:35","modified_gmt":"2025-06-25T14:03:35","slug":"outlet","status":"publish","type":"page","link":"https:\/\/www.bordetceramiche.it\/fr\/outlet\/","title":{"rendered":"Outlet"},"content":{"rendered":"<p>Bonnes affaires \u00e0 ne pas manquer, qualit\u00e9 garantie<\/p>\n<p>D\u00e9couvrez notre espace OUTLET : une s\u00e9lection exclusive de rev\u00eatements de sol, carrelages muraux, meubles de salle de bain, po\u00eales, \u00e0 prix r\u00e9duits.<br \/>\nDes produits de fin de s\u00e9rie, des stocks ou des \u00e9chantillons, toujours de <strong>grande qualit\u00e9<\/strong> et de <strong>grandes marques<\/strong>.<br \/>\nQue vous r\u00e9noviez ou conceviez un nouvel environnement, vous trouverez ici de <strong>vraies bonnes affaires<\/strong>, avec une disponibilit\u00e9 limit\u00e9e et des prix comp\u00e9titifs. L'\u00e9conomie rencontre le style !<\/p>\n<h3>Ce que vous pouvez trouver :<\/h3>\n<ul>\n<li>Carreaux en porcelaine pour l'int\u00e9rieur et l'ext\u00e9rieur<\/li>\n<li>Parquets et rev\u00eatements de sol en bois<\/li>\n<li>Meubles de salle de bains et articles sanitaires<\/li>\n<li>Po\u00eales, chemin\u00e9es et rev\u00eatements<\/li>\n<\/ul>\n","protected":false},"excerpt":{"rendered":"<p>Bonnes affaires \u00e0 ne pas manquer, qualit\u00e9 garantie D\u00e9couvrez notre espace OUTLET : une s\u00e9lection exclusive de rev\u00eatements de sol, carrelages muraux, meubles de salle de bain, po\u00eales, \u00e0 prix r\u00e9duits. Des produits de fin de s\u00e9rie, des stocks ou des \u00e9chantillons, toujours de grande qualit\u00e9 et de grandes marques. Que vous r\u00e9noviez ou conceviez [&hellip;]<\/p>\n","protected":false},"author":1,"featured_media":628,"parent":0,"menu_order":13,"comment_status":"closed","ping_status":"closed","template":"","meta":{"_acf_changed":false,"footnotes":""},"class_list":["post-1091","page","type-page","status-publish","has-post-thumbnail","hentry"],"acf":[],"_links":{"self":[{"href":"https:\/\/www.bordetceramiche.it\/fr\/wp-json\/wp\/v2\/pages\/1091","targetHints":{"allow":["GET"]}}],"collection":[{"href":"https:\/\/www.bordetceramiche.it\/fr\/wp-json\/wp\/v2\/pages"}],"about":[{"href":"https:\/\/www.bordetceramiche.it\/fr\/wp-json\/wp\/v2\/types\/page"}],"author":[{"embeddable":true,"href":"https:\/\/www.bordetceramiche.it\/fr\/wp-json\/wp\/v2\/users\/1"}],"replies":[{"embeddable":true,"href":"https:\/\/www.bordetceramiche.it\/fr\/wp-json\/wp\/v2\/comments?post=1091"}],"version-history":[{"count":2,"href":"https:\/\/www.bordetceramiche.it\/fr\/wp-json\/wp\/v2\/pages\/1091\/revisions"}],"predecessor-version":[{"id":1162,"href":"https:\/\/www.bordetceramiche.it\/fr\/wp-json\/wp\/v2\/pages\/1091\/revisions\/1162"}],"wp:featuredmedia":[{"embeddable":true,"href":"https:\/\/www.bordetceramiche.it\/fr\/wp-json\/wp\/v2\/media\/628"}],"wp:attachment":[{"href":"https:\/\/www.bordetceramiche.it\/fr\/wp-json\/wp\/v2\/media?parent=1091"}],"curies":[{"name":"wp","href":"https:\/\/api.w.org\/{rel}","templated":true}]}}