{"id":1079,"date":"2025-04-15T13:10:58","date_gmt":"2025-04-15T11:10:58","guid":{"rendered":"https:\/\/www.bordetceramiche.it\/azienda\/"},"modified":"2025-10-03T12:09:48","modified_gmt":"2025-10-03T10:09:48","slug":"entreprise","status":"publish","type":"page","link":"https:\/\/www.bordetceramiche.it\/fr\/entreprise\/","title":{"rendered":"Entreprise"},"content":{"rendered":"<p>Depuis plus de 50 ans, Bordet Ceramiche est synonyme de qualit\u00e9, de fiabilit\u00e9 et d'expertise dans le domaine de la c\u00e9ramique, du carrelage mural et de l'am\u00e9nagement de salles de bains. Fond\u00e9e dans les ann\u00e9es 1970 et d\u00e9velopp\u00e9e gr\u00e2ce \u00e0 une solide gestion familiale, l'entreprise a su \u00e9voluer tout en gardant le client au centre de ses pr\u00e9occupations, en offrant des produits s\u00e9lectionn\u00e9s des meilleures marques et un service complet et personnalis\u00e9.<\/p>\n<p>Nous sommes situ\u00e9s \u00e0 Donnas, dans une position strat\u00e9gique entre le Val d'Aoste, le Pi\u00e9mont et la France : un territoire que nous connaissons bien et que nous servons avec ponctualit\u00e9 et d\u00e9vouement. Nous collaborons avec des particuliers, des entreprises, des artisans et des designers, en garantissant des conseils professionnels, des inspections, des devis d\u00e9taill\u00e9s et des livraisons rapides, afin d'accompagner chaque client dans la r\u00e9alisation de ses espaces, avec style et fonctionnalit\u00e9.<\/p>\n<p>Notre showroom de Donnas est le c\u0153ur battant de Bordet Ceramiche : un espace d'exposition moderne, spacieux et bien entretenu o\u00f9 vous pourrez d\u00e9couvrir les derni\u00e8res tendances en mati\u00e8re de c\u00e9ramique, de rev\u00eatements de sol, de rev\u00eatements muraux et de mobilier de salle de bains. Nous proposons une vaste s\u00e9lection de mat\u00e9riaux de haute qualit\u00e9, d\u00e9j\u00e0 en stock, pour r\u00e9pondre \u00e0 toutes les exigences en termes de style, de fonctionnalit\u00e9 et de budget.<\/p>\n<p>Que vous r\u00e9noviez votre maison, am\u00e9nagiez un nouvel espace ou travailliez sur un projet architectural, vous trouverez dans notre salle d'exposition l'inspiration, l'expertise et le soutien d'une \u00e9quipe pr\u00eate \u00e0 vous conseiller dans le choix des meilleures solutions. Nous ne proposons que des marques fiables et innovantes, synonymes de design, de durabilit\u00e9 et de performance. Venez nous rendre visite et d\u00e9couvrez comment transformer n'importe quelle pi\u00e8ce en un lieu unique, \u00e9l\u00e9gant et accueillant.<\/p>\n","protected":false},"excerpt":{"rendered":"<p>Depuis plus de 50 ans, Bordet Ceramiche est synonyme de qualit\u00e9, de fiabilit\u00e9 et d'expertise dans le domaine de la c\u00e9ramique, du carrelage mural et de l'am\u00e9nagement de salles de bains. Fond\u00e9e dans les ann\u00e9es 1970 et d\u00e9velopp\u00e9e gr\u00e2ce \u00e0 une solide gestion familiale, l'entreprise a su \u00e9voluer tout en gardant le client au centre [&hellip;]<\/p>\n","protected":false},"author":1,"featured_media":538,"parent":0,"menu_order":5,"comment_status":"closed","ping_status":"closed","template":"","meta":{"_acf_changed":false,"footnotes":""},"class_list":["post-1079","page","type-page","status-publish","has-post-thumbnail","hentry"],"acf":[],"_links":{"self":[{"href":"https:\/\/www.bordetceramiche.it\/fr\/wp-json\/wp\/v2\/pages\/1079","targetHints":{"allow":["GET"]}}],"collection":[{"href":"https:\/\/www.bordetceramiche.it\/fr\/wp-json\/wp\/v2\/pages"}],"about":[{"href":"https:\/\/www.bordetceramiche.it\/fr\/wp-json\/wp\/v2\/types\/page"}],"author":[{"embeddable":true,"href":"https:\/\/www.bordetceramiche.it\/fr\/wp-json\/wp\/v2\/users\/1"}],"replies":[{"embeddable":true,"href":"https:\/\/www.bordetceramiche.it\/fr\/wp-json\/wp\/v2\/comments?post=1079"}],"version-history":[{"count":2,"href":"https:\/\/www.bordetceramiche.it\/fr\/wp-json\/wp\/v2\/pages\/1079\/revisions"}],"predecessor-version":[{"id":1154,"href":"https:\/\/www.bordetceramiche.it\/fr\/wp-json\/wp\/v2\/pages\/1079\/revisions\/1154"}],"wp:featuredmedia":[{"embeddable":true,"href":"https:\/\/www.bordetceramiche.it\/fr\/wp-json\/wp\/v2\/media\/538"}],"wp:attachment":[{"href":"https:\/\/www.bordetceramiche.it\/fr\/wp-json\/wp\/v2\/media?parent=1079"}],"curies":[{"name":"wp","href":"https:\/\/api.w.org\/{rel}","templated":true}]}}